{"id":181,"date":"2021-12-21T09:28:05","date_gmt":"2021-12-21T08:28:05","guid":{"rendered":"https:\/\/hamburg.biker-school.com\/?page_id=181"},"modified":"2022-03-31T10:58:46","modified_gmt":"2022-03-31T08:58:46","slug":"klasse-b196","status":"publish","type":"page","link":"https:\/\/hamburg.biker-school.com\/en\/klassen\/klasse-b196\/","title":{"rendered":"CLASS B196"},"content":{"rendered":"<p>[et_pb_section fb_built=&#8220;1&#8243; custom_padding_last_edited=&#8220;on|tablet&#8220; admin_label=&#8220;Packages&#8220; _builder_version=&#8220;4.16&#8243; background_color=&#8220;#22272a&#8220; use_background_color_gradient=&#8220;on&#8220; background_color_gradient_direction=&#8220;140deg&#8220; background_color_gradient_stops=&#8220;rgba(0,0,0,0.9) 0%|rgba(80,103,147,0.5) 100%&#8220; background_color_gradient_start=&#8220;rgba(0,0,0,0.9)&#8220; background_color_gradient_end=&#8220;rgba(80,103,147,0.5)&#8220; background_image=&#8220;https:\/\/hamburg.biker-school.com\/wp-content\/uploads\/2021\/12\/venture_02.png&#8220; background_enable_video_mp4=&#8220;off&#8220; custom_padding=&#8220;110px||110px|&#8220; custom_padding_tablet=&#8220;0px||0px|&#8220; custom_padding_phone=&#8220;&#8220; da_disable_devices=&#8220;off|off|off&#8220; global_colors_info=&#8220;{}&#8220; da_is_popup=&#8220;off&#8220; da_exit_intent=&#8220;off&#8220; da_has_close=&#8220;on&#8220; da_alt_close=&#8220;off&#8220; da_dark_close=&#8220;off&#8220; da_not_modal=&#8220;on&#8220; da_is_singular=&#8220;off&#8220; da_with_loader=&#8220;off&#8220; da_has_shadow=&#8220;on&#8220;][et_pb_row custom_padding_last_edited=&#8220;on|phone&#8220; admin_label=&#8220;Packages Title&#8220; _builder_version=&#8220;4.16&#8243; custom_padding=&#8220;30px|0px|120px|0px&#8220; custom_padding_tablet=&#8220;60px||0px|&#8220; custom_padding_phone=&#8220;&#8220; locked=&#8220;off&#8220; global_colors_info=&#8220;{}&#8220;][et_pb_column type=&#8220;4_4&#8243; _builder_version=&#8220;4.16&#8243; custom_padding=&#8220;|||&#8220; global_colors_info=&#8220;{}&#8220; custom_padding__hover=&#8220;|||&#8220;][et_pb_text _builder_version=&#8220;4.16&#8243; text_font=&#8220;||||&#8220; text_text_color=&#8220;#1a1a1a&#8220; header_font=&#8220;Open Sans|700||on|||||&#8220; header_text_align=&#8220;center&#8220; header_font_size=&#8220;60px&#8220; header_line_height=&#8220;1.3em&#8220; module_alignment=&#8220;center&#8220; custom_margin=&#8220;|||&#8220; custom_padding=&#8220;|||&#8220; animation_style=&#8220;slide&#8220; animation_direction=&#8220;top&#8220; animation_intensity_slide=&#8220;10%&#8220; locked=&#8220;off&#8220; global_colors_info=&#8220;{}&#8220;]<\/p>\n<h1><span style=\"color: #ffffff;\">Klasse B196<\/span><\/h1>\n<p>[\/et_pb_text][et_pb_divider color=&#8220;#ed4441&#8243; divider_position=&#8220;center&#8220; divider_weight=&#8220;3px&#8220; disabled_on=&#8220;off|off|off&#8220; _builder_version=&#8220;4.16&#8243; max_width=&#8220;150px&#8220; module_alignment=&#8220;center&#8220; height=&#8220;false&#8220; custom_margin=&#8220;30px|||&#8220; animation_style=&#8220;slide&#8220; animation_direction=&#8220;top&#8220; animation_delay=&#8220;100ms&#8220; animation_intensity_slide=&#8220;10%&#8220; locked=&#8220;off&#8220; global_colors_info=&#8220;{}&#8220;][\/et_pb_divider][\/et_pb_column][\/et_pb_row][et_pb_row column_structure=&#8220;1_2,1_2&#8243; admin_label=&#8220;Package&#8220; _builder_version=&#8220;4.16.0&#8243; background_size=&#8220;initial&#8220; background_position=&#8220;top_left&#8220; background_repeat=&#8220;repeat&#8220; global_colors_info=&#8220;{}&#8220;][et_pb_column type=&#8220;1_2&#8243; _builder_version=&#8220;4.16&#8243; custom_padding=&#8220;|||&#8220; global_colors_info=&#8220;{}&#8220; custom_padding__hover=&#8220;|||&#8220;][et_pb_image src=&#8220;https:\/\/hamburg.biker-school.com\/wp-content\/uploads\/2022\/03\/275226848_4652056254906626_3632286304730853011_n.jpeg&#8220; title_text=&#8220;275226848_4652056254906626_3632286304730853011_n&#8220; align_tablet=&#8220;center&#8220; align_phone=&#8220;center&#8220; align_last_edited=&#8220;on|desktop&#8220; admin_label=&#8220;Package Image&#8220; _builder_version=&#8220;4.16&#8243; animation_style=&#8220;fold&#8220; animation_direction=&#8220;right&#8220; animation_intensity_fold=&#8220;20%&#8220; global_colors_info=&#8220;{}&#8220;][\/et_pb_image][et_pb_button button_url=&#8220;#Preise&#8220; button_text=&#8220;Mehr Erfahren&#8220; _builder_version=&#8220;4.16.0&#8243; custom_button=&#8220;on&#8220; button_text_color=&#8220;#FFFFFF&#8220; button_bg_color=&#8220;#E02B20&#8243; button_border_color=&#8220;#1a1a1a&#8220; button_border_radius=&#8220;0px&#8220; button_letter_spacing=&#8220;4px&#8220; button_font=&#8220;Open Sans|700||on|||||&#8220; button_icon=&#8220;&#x24;||divi||400&#8243; button_icon_color=&#8220;#1a1a1a&#8220; animation_style=&#8220;zoom&#8220; animation_direction=&#8220;left&#8220; animation_delay=&#8220;300ms&#8220; animation_intensity_zoom=&#8220;10%&#8220; hover_enabled=&#8220;0&#8243; button_text_color_hover=&#8220;#1a1a1a&#8220; button_border_color_hover=&#8220;#1a1a1a&#8220; button_border_radius_hover=&#8220;0px&#8220; button_letter_spacing_hover=&#8220;4px&#8220; button_bg_color_hover=&#8220;rgba(0,0,0,0)&#8220; global_colors_info=&#8220;{}&#8220; button_text_size__hover_enabled=&#8220;off&#8220; button_one_text_size__hover_enabled=&#8220;off&#8220; button_two_text_size__hover_enabled=&#8220;off&#8220; button_text_color__hover_enabled=&#8220;on&#8220; button_text_color__hover=&#8220;#1a1a1a&#8220; button_one_text_color__hover_enabled=&#8220;off&#8220; button_two_text_color__hover_enabled=&#8220;off&#8220; button_border_width__hover_enabled=&#8220;off&#8220; button_one_border_width__hover_enabled=&#8220;off&#8220; button_two_border_width__hover_enabled=&#8220;off&#8220; button_border_color__hover_enabled=&#8220;on&#8220; button_border_color__hover=&#8220;#1a1a1a&#8220; button_one_border_color__hover_enabled=&#8220;off&#8220; button_two_border_color__hover_enabled=&#8220;off&#8220; button_border_radius__hover_enabled=&#8220;on&#8220; button_border_radius__hover=&#8220;0px&#8220; button_one_border_radius__hover_enabled=&#8220;off&#8220; button_two_border_radius__hover_enabled=&#8220;off&#8220; button_letter_spacing__hover_enabled=&#8220;on&#8220; button_letter_spacing__hover=&#8220;4px&#8220; button_one_letter_spacing__hover_enabled=&#8220;off&#8220; button_two_letter_spacing__hover_enabled=&#8220;off&#8220; button_bg_color__hover_enabled=&#8220;on&#8220; button_bg_color__hover=&#8220;rgba(0,0,0,0)&#8220; button_one_bg_color__hover_enabled=&#8220;off&#8220; button_two_bg_color__hover_enabled=&#8220;off&#8220; sticky_enabled=&#8220;0&#8243;][\/et_pb_button][et_pb_button button_url=&#8220;#Price&#8220; button_text=&#8220;Learn More&#8220; _builder_version=&#8220;4.16.0&#8243; custom_button=&#8220;on&#8220; button_text_color=&#8220;#FFFFFF&#8220; button_bg_color=&#8220;#E02B20&#8243; button_border_color=&#8220;#1a1a1a&#8220; button_border_radius=&#8220;0px&#8220; button_letter_spacing=&#8220;4px&#8220; button_font=&#8220;Open Sans|700||on|||||&#8220; button_icon=&#8220;&#x24;||divi||400&#8243; button_icon_color=&#8220;#1a1a1a&#8220; animation_style=&#8220;zoom&#8220; animation_direction=&#8220;left&#8220; animation_delay=&#8220;300ms&#8220; animation_intensity_zoom=&#8220;10%&#8220; hover_enabled=&#8220;0&#8243; button_text_color_hover=&#8220;#1a1a1a&#8220; button_border_color_hover=&#8220;#1a1a1a&#8220; button_border_radius_hover=&#8220;0px&#8220; button_letter_spacing_hover=&#8220;4px&#8220; button_bg_color_hover=&#8220;rgba(0,0,0,0)&#8220; global_colors_info=&#8220;{}&#8220; button_text_size__hover_enabled=&#8220;off&#8220; button_one_text_size__hover_enabled=&#8220;off&#8220; button_two_text_size__hover_enabled=&#8220;off&#8220; button_text_color__hover_enabled=&#8220;on&#8220; button_text_color__hover=&#8220;#1a1a1a&#8220; button_one_text_color__hover_enabled=&#8220;off&#8220; button_two_text_color__hover_enabled=&#8220;off&#8220; button_border_width__hover_enabled=&#8220;off&#8220; button_one_border_width__hover_enabled=&#8220;off&#8220; button_two_border_width__hover_enabled=&#8220;off&#8220; button_border_color__hover_enabled=&#8220;on&#8220; button_border_color__hover=&#8220;#1a1a1a&#8220; button_one_border_color__hover_enabled=&#8220;off&#8220; button_two_border_color__hover_enabled=&#8220;off&#8220; button_border_radius__hover_enabled=&#8220;on&#8220; button_border_radius__hover=&#8220;0px&#8220; button_one_border_radius__hover_enabled=&#8220;off&#8220; button_two_border_radius__hover_enabled=&#8220;off&#8220; button_letter_spacing__hover_enabled=&#8220;on&#8220; button_letter_spacing__hover=&#8220;4px&#8220; button_one_letter_spacing__hover_enabled=&#8220;off&#8220; button_two_letter_spacing__hover_enabled=&#8220;off&#8220; button_bg_color__hover_enabled=&#8220;on&#8220; button_bg_color__hover=&#8220;rgba(0,0,0,0)&#8220; button_one_bg_color__hover_enabled=&#8220;off&#8220; button_two_bg_color__hover_enabled=&#8220;off&#8220; sticky_enabled=&#8220;0&#8243;][\/et_pb_button][\/et_pb_column][et_pb_column type=&#8220;1_2&#8243; _builder_version=&#8220;4.16&#8243; custom_padding=&#8220;|||&#8220; global_colors_info=&#8220;{}&#8220; custom_padding__hover=&#8220;|||&#8220;][et_pb_text admin_label=&#8220;Package Title&#8220; _builder_version=&#8220;4.16&#8243; text_text_color=&#8220;#1a1a1a&#8220; global_colors_info=&#8220;{}&#8220;]<\/p>\n<p><span style=\"color: #ffffff;\">Klasse B196<\/span><\/p>\n<p>[\/et_pb_text][et_pb_text admin_label=&#8220;Description&#8220; _builder_version=&#8220;4.16.0&#8243; global_colors_info=&#8220;{}&#8220;]<\/p>\n<p><span style=\"color: #ffffff;\">Mindestalter:<\/span><\/p>\n<p><span style=\"color: #ffffff;\">25 Jahre<\/span><\/p>\n<p><span style=\"color: #ffffff;\">Einschlussklassen: \u2013<\/span><\/p>\n<p><span style=\"color: #ffffff;\">Vorbesitz: Klasse B von mindestens f\u00fcnf Jahren<\/span><\/p>\n<p>&nbsp;<\/p>\n<p><span style=\"color: #ffffff;\">\u2022 Kraftr\u00e4der bis 125 ccm Hubraum<br \/>\u2022 max. 11 kW Motorleistung<br \/>\u2022 max. o,1\/kg.<br \/>\u2022 die Klasse B196 ist nur in Deutschland g\u00fcltig<\/span><\/p>\n<p><span style=\"color: #ffffff;\">Ausbildungsinfos:<\/span><\/p>\n<p><span style=\"color: #ffffff;\">\u2022 Theorieausbildung 4 x 90 Minuten<\/span><br \/><span style=\"color: #ffffff;\">Der theoretische Schulungsstoff entspricht dem klassenspezifischen Zusatzstoff f\u00fcr Motorradfahrsch\u00fcler (Inhalte der Anlage 2.1 der Fahrsch\u00fcler-Ausbildungsordnung)<\/span><\/p>\n<p><span style=\"color: #ffffff;\">\u2022 Praxisausbildung 5 x 90 Minuten i.G.O. \/ \u00dcberland \/ Autobahn<br \/><\/span><\/p>\n<p><span style=\"color: #ffffff;\">\u2022 Pr\u00fcfungen Keine<\/span><\/p>\n<p>&nbsp;<\/p>\n<p>&nbsp;<\/p>\n<p>[\/et_pb_text][\/et_pb_column][\/et_pb_row][\/et_pb_section][et_pb_section fb_built=&#8220;1&#8243; admin_label=&#8220;Preise&#8220; module_id=&#8220;Preise&#8220; module_class=&#8220;Preise popup&#8220; _builder_version=&#8220;4.16&#8243; _module_preset=&#8220;default&#8220; background_enable_video_mp4=&#8220;off&#8220; da_is_popup=&#8220;on&#8220; da_popup_slug=&#8220;Preise&#8220; da_disable_devices=&#8220;off|off|off&#8220; locked=&#8220;off&#8220; global_colors_info=&#8220;{}&#8220; da_exit_intent=&#8220;off&#8220; da_has_close=&#8220;on&#8220; da_alt_close=&#8220;off&#8220; da_dark_close=&#8220;off&#8220; da_not_modal=&#8220;on&#8220; da_is_singular=&#8220;off&#8220; da_with_loader=&#8220;off&#8220; da_has_shadow=&#8220;on&#8220;][et_pb_row _builder_version=&#8220;4.16&#8243; _module_preset=&#8220;default&#8220; global_colors_info=&#8220;{}&#8220;][et_pb_column type=&#8220;4_4&#8243; _builder_version=&#8220;4.16&#8243; _module_preset=&#8220;default&#8220; global_colors_info=&#8220;{}&#8220;][et_pb_image src=&#8220;https:\/\/hamburg.biker-school.com\/wp-content\/uploads\/2021\/12\/Logo-free-schwarz.png&#8220; title_text=&#8220;Logo-free-schwarz&#8220; _builder_version=&#8220;4.16&#8243; _module_preset=&#8220;default&#8220; locked=&#8220;off&#8220; global_colors_info=&#8220;{}&#8220;][\/et_pb_image][et_pb_text _builder_version=&#8220;4.16&#8243; _module_preset=&#8220;default&#8220; global_colors_info=&#8220;{}&#8220;]<\/p>\n<div class=\"et_pb_module et_pb_text et_pb_text_1  et_pb_text_align_left et_pb_bg_layout_light\">\n<div class=\"et_pb_text_inner\">\n<p>&nbsp;<\/p>\n<p>&nbsp;<\/p>\n<table border=\"0\" style=\"height: 48px;\">\n<tbody>\n<tr style=\"height: 24px;\">\n<td style=\"width: 122.406px; height: 24px;\"><span style=\"color: #000000;\"><strong>Dienstleistung<\/strong><\/span><\/td>\n<td style=\"width: 90.9688px; height: 24px;\"><span style=\"color: #000000;\"><strong>Betrag\u00a0in\u00a0\u20ac<\/strong><\/span><\/td>\n<\/tr>\n<tr style=\"height: 24px;\">\n<td style=\"width: 122.406px; height: 24px;\"><span style=\"color: #000000;\">Einzelausbildung<\/span><\/td>\n<td style=\"width: 90.9688px; height: 24px;\"><span style=\"color: #000000;\">\u00a0 \u00a0 \u00a0699,00\u20ac<\/span><\/td>\n<\/tr>\n<\/tbody>\n<\/table>\n<p><b>\u00a0<\/b><\/p>\n<\/div>\n<\/div>\n<div class=\"et_pb_module et_pb_text et_pb_text_2  et_pb_text_align_left et_pb_bg_layout_light\">\n<div class=\"et_pb_text_inner\">\n<p><strong>Dieses Angebot umfasst kein Festpreisangebot, sondern richtet sich nach unseren Erfahrungswerten. Der tats\u00e4chliche Ausbildungsumfang richtet sich nach dem Lernverm\u00f6gen des Bewerbers.<span>\u00a0<\/span><\/strong><strong>Sollte zus\u00e4tzlicher Ausbildungsbedarf bestehen, so erh\u00f6ht sich dieses Angebot um den tats\u00e4chlichen Ausbildungsaufwand.<\/strong><\/p>\n<p><strong>Diverse Kurse sind miteinander kombinierbar, sprich uns hierzu an.<br \/>\n<\/strong><\/p>\n<p><strong>Die Anzahl der \u00dcbungs- und Sonderfahrten k\u00f6nnen bei jedem Sch\u00fcler anders sein.\u00a0<\/strong><\/p>\n<\/div>\n<\/div>\n<p>[\/et_pb_text][\/et_pb_column][\/et_pb_row][\/et_pb_section][et_pb_section fb_built=&#8220;1&#8243; admin_label=&#8220;Preise&#8220; module_id=&#8220;Price&#8220; module_class=&#8220;Preise popup&#8220; _builder_version=&#8220;4.16.0&#8243; _module_preset=&#8220;default&#8220; background_enable_video_mp4=&#8220;off&#8220; hover_enabled=&#8220;0&#8243; da_is_popup=&#8220;on&#8220; da_popup_slug=&#8220;Price&#8220; da_disable_devices=&#8220;off|off|off&#8220; locked=&#8220;off&#8220; global_colors_info=&#8220;{}&#8220; sticky_enabled=&#8220;0&#8243; da_exit_intent=&#8220;off&#8220; da_has_close=&#8220;on&#8220; da_alt_close=&#8220;off&#8220; da_dark_close=&#8220;off&#8220; da_not_modal=&#8220;on&#8220; da_is_singular=&#8220;off&#8220; da_with_loader=&#8220;off&#8220; da_has_shadow=&#8220;on&#8220;][et_pb_row _builder_version=&#8220;4.16&#8243; _module_preset=&#8220;default&#8220; global_colors_info=&#8220;{}&#8220;][et_pb_column type=&#8220;4_4&#8243; _builder_version=&#8220;4.16&#8243; _module_preset=&#8220;default&#8220; global_colors_info=&#8220;{}&#8220;][et_pb_image src=&#8220;https:\/\/hamburg.biker-school.com\/wp-content\/uploads\/2021\/12\/Logo-free-schwarz.png&#8220; title_text=&#8220;Logo-free-schwarz&#8220; _builder_version=&#8220;4.16&#8243; _module_preset=&#8220;default&#8220; locked=&#8220;off&#8220; global_colors_info=&#8220;{}&#8220;][\/et_pb_image][et_pb_text _builder_version=&#8220;4.16&#8243; _module_preset=&#8220;default&#8220; global_colors_info=&#8220;{}&#8220;]<\/p>\n<div class=\"et_pb_module et_pb_text et_pb_text_1  et_pb_text_align_left et_pb_bg_layout_light\">\n<div class=\"et_pb_text_inner\">\n<p>&nbsp;<\/p>\n<table border=\"0\" style=\"height: 48px;\">\n<tbody>\n<tr style=\"height: 24px;\">\n<td style=\"width: 122.406px; height: 24px;\"><span style=\"color: #000000;\"><strong>Dienstleistung<\/strong><\/span><\/td>\n<td style=\"width: 90.9688px; height: 24px;\"><span style=\"color: #000000;\"><strong>Betrag\u00a0in\u00a0\u20ac<\/strong><\/span><\/td>\n<\/tr>\n<tr style=\"height: 24px;\">\n<td style=\"width: 122.406px; height: 24px;\"><span style=\"color: #000000;\">Einzelausbildung<\/span><\/td>\n<td style=\"width: 90.9688px; height: 24px;\"><span style=\"color: #000000;\">\u00a0 \u00a0 \u00a0699,00\u20ac<\/span><\/td>\n<\/tr>\n<\/tbody>\n<\/table>\n<p><b>\u00a0<\/b><\/p>\n<\/div>\n<\/div>\n<div class=\"et_pb_module et_pb_text et_pb_text_2  et_pb_text_align_left et_pb_bg_layout_light\">\n<div class=\"et_pb_text_inner\">\n<p><strong>Dieses Angebot umfasst kein Festpreisangebot, sondern richtet sich nach unseren Erfahrungswerten. Der tats\u00e4chliche Ausbildungsumfang richtet sich nach dem Lernverm\u00f6gen des Bewerbers.<span>\u00a0<\/span><\/strong><strong>Sollte zus\u00e4tzlicher Ausbildungsbedarf bestehen, so erh\u00f6ht sich dieses Angebot um den tats\u00e4chlichen Ausbildungsaufwand.<\/strong><\/p>\n<p><strong>Diverse Kurse sind miteinander kombinierbar, sprich uns hierzu an.<br \/><\/strong><\/p>\n<p><strong>Die Anzahl der \u00dcbungs- und Sonderfahrten k\u00f6nnen bei jedem Sch\u00fcler anders sein.\u00a0<\/strong><\/p>\n<\/div>\n<\/div>\n<p>[\/et_pb_text][\/et_pb_column][\/et_pb_row][\/et_pb_section]<\/p>\n","protected":false},"excerpt":{"rendered":"<p>Klasse B196Klasse B196Mindestalter: 25 Jahre Einschlussklassen: \u2013 Vorbesitz: Klasse B von mindestens f\u00fcnf Jahren &nbsp; \u2022 Kraftr\u00e4der bis 125 ccm Hubraum\u2022 max. 11 kW Motorleistung\u2022 max. o,1\/kg.\u2022 die Klasse B196 ist nur in Deutschland g\u00fcltig Ausbildungsinfos: \u2022 Theorieausbildung 4 x 90 MinutenDer theoretische Schulungsstoff entspricht dem klassenspezifischen Zusatzstoff f\u00fcr Motorradfahrsch\u00fcler (Inhalte der Anlage 2.1 der [&hellip;]<\/p>\n","protected":false},"author":1,"featured_media":0,"parent":296,"menu_order":6,"comment_status":"closed","ping_status":"closed","template":"","meta":{"_et_pb_use_builder":"on","_et_pb_old_content":"","_et_gb_content_width":"","footnotes":""},"class_list":["post-181","page","type-page","status-publish","hentry"],"_links":{"self":[{"href":"https:\/\/hamburg.biker-school.com\/en\/wp-json\/wp\/v2\/pages\/181","targetHints":{"allow":["GET"]}}],"collection":[{"href":"https:\/\/hamburg.biker-school.com\/en\/wp-json\/wp\/v2\/pages"}],"about":[{"href":"https:\/\/hamburg.biker-school.com\/en\/wp-json\/wp\/v2\/types\/page"}],"author":[{"embeddable":true,"href":"https:\/\/hamburg.biker-school.com\/en\/wp-json\/wp\/v2\/users\/1"}],"replies":[{"embeddable":true,"href":"https:\/\/hamburg.biker-school.com\/en\/wp-json\/wp\/v2\/comments?post=181"}],"version-history":[{"count":12,"href":"https:\/\/hamburg.biker-school.com\/en\/wp-json\/wp\/v2\/pages\/181\/revisions"}],"predecessor-version":[{"id":1136,"href":"https:\/\/hamburg.biker-school.com\/en\/wp-json\/wp\/v2\/pages\/181\/revisions\/1136"}],"up":[{"embeddable":true,"href":"https:\/\/hamburg.biker-school.com\/en\/wp-json\/wp\/v2\/pages\/296"}],"wp:attachment":[{"href":"https:\/\/hamburg.biker-school.com\/en\/wp-json\/wp\/v2\/media?parent=181"}],"curies":[{"name":"wp","href":"https:\/\/api.w.org\/{rel}","templated":true}]}}